{"id":1014,"date":"2021-09-19T14:48:49","date_gmt":"2021-09-19T12:48:49","guid":{"rendered":"https:\/\/saintcyrcadrages.com\/?page_id=1014"},"modified":"2022-09-24T13:46:21","modified_gmt":"2022-09-24T11:46:21","slug":"a-propos","status":"publish","type":"page","link":"https:\/\/saintcyrcadrages.com\/accueil\/a-propos\/","title":{"rendered":"A propos"},"content":{"rendered":"\n<hr class=\"wp-block-separator has-css-opacity alignwide is-style-wide\"\/>\n\n\n\n<h1 class=\"wp-block-heading\">Projet associatif<\/h1>\n\n\n\n<h1 class=\"wp-block-heading\">Saint Cyr Cadrages:&nbsp;photographie \u00e0 Saint Cyr en Val<\/h1>\n\n\n\n<p>1- Contexte et besoins :<br>Avec le d\u00e9veloppement du num\u00e9rique, de plus en plus de personnes produisent des images avec leur appareil de prise de vues (photographique, t\u00e9l\u00e9phone, tablette, \u2026) et les exploitent sur leur ordinateur, en font des tirages, \u2026<br>Pour satisfaire leur besoin de cr\u00e9er des images, de nombreux saint-cyriens ont ressenti la n\u00e9cessit\u00e9 de se retrouver pour \u00e9changer, am\u00e9liorer, \u2026 leur pratique. Mais les structures de loisirs ou \u00e9ducatives ( clubs, associations, \u2026) dans ce domaine n\u2019existaient pas \u00e0\u00a0<strong>Saint Cyr en Val<\/strong>.<br>2- Objectifs :<br>Afin<br>\u2013 de pratiquer ces\u00a0<strong>activit\u00e9s artistiques et culturelles\u00a0<\/strong>en rapport avec\u00a0la\u00a0<strong>photographie<\/strong>,<br>\u2013 de cr\u00e9er et participer \u00e0 des manifestations artistiques ou festives en partenariat ou non avec d\u2019autres associations, nous avons cr\u00e9\u00e9 l\u2019association \u00ab\u00a0<strong>Saint Cyr Cadrages<\/strong>\u00a0\u00bb, qui permettra aux habitants de se rencontrer, de cr\u00e9er un lien social.<br>3- Plan d\u2019action<br>Cr\u00e9ation:<br>&#8211;<strong>Photographie<\/strong>\u00a0:<br>Rencontres libres de pratique, d\u2019approfondissement et d\u2019\u00e9changes entre adh\u00e9rents<br>Cours et pratique<br>(Ponctuellement activit\u00e9s crois\u00e9es avec les photographes)<br>Actions :<br>\u2013 Participer au &lt;&lt; Salon des artistes saint-cyriens >><br>\u2013 Cr\u00e9er un concours<strong> de photographies<\/strong>\u00a0ouvert \u00e0 tous <br>&#8211;<strong>Objectifs :<\/strong><br>\u2013 Maitriser le mode d\u2019emploi de son appareil photo<br>\u2013 Comprendre le fichier num\u00e9rique \u00ab photo \u00bb et savoir le modifier<br>\u2013 Maitriser la composition<br>\u2013 Obtenir de belles images<br>   Dans une atmosph\u00e8re ludique et conviviale !<br>&#8211;<strong>Moyens<\/strong> :<br>\u2013 Mise \u00e0 disposition des adh\u00e9rents de mat\u00e9riels et consommables de qualit\u00e9 \u00ab professionnelle \u00bb<br>\u2013 imprimante encres pigmentaires A3+<br>\u2013 papiers mats et brillants de formats A3+ au 10X15<br>\u2013 \u00e9cran d\u2019ordinateur haute d\u00e9finition<br>\u2013 studio photo. Boite pour mini studio<br>&#8211;<strong>Evaluation<\/strong><br>Fr\u00e9quentation des visiteurs du Salon des artistes.<br>Participants au concours-exposition.<br>Fr\u00e9quentation des visiteurs par un vote avec bulletin nominatif.<br>Prise en compte de nos actions par la hauteur des subventions des collectivit\u00e9s territoriales.<br>Tout ceci devant permettre aux habitants de <strong>Saint Cyr en Val<\/strong>\u00a0de se rencontrer et d\u2019\u00e9changer.<\/p>\n\n\n\n<figure class=\"wp-block-image is-resized\"><a href=\"https:\/\/saintcyrenvalcadrages.files.wordpress.com\/2017\/09\/st-cyr-cadrages-jo.jpg\" target=\"_blank\" rel=\"noreferrer noopener\"><img fetchpriority=\"high\" decoding=\"async\" src=\"https:\/\/saintcyrenvalcadrages.files.wordpress.com\/2017\/09\/st-cyr-cadrages-jo.jpg?w=342&amp;h=484\" alt=\"\" class=\"wp-image-615\" width=\"526\" height=\"743\"\/><\/a><\/figure>\n","protected":false},"excerpt":{"rendered":"<p>Projet associatif Saint Cyr Cadrages:&nbsp;photographie \u00e0 Saint Cyr en Val 1- Contexte et besoins :Avec le d\u00e9veloppement du num\u00e9rique, de plus en plus de personnes produisent des images avec leur [&hellip;]<\/p>\n","protected":false},"author":1,"featured_media":0,"parent":0,"menu_order":0,"comment_status":"closed","ping_status":"closed","template":"","meta":{"ocean_post_layout":"","ocean_both_sidebars_style":"","ocean_both_sidebars_content_width":0,"ocean_both_sidebars_sidebars_width":0,"ocean_sidebar":"0","ocean_second_sidebar":"0","ocean_disable_margins":"enable","ocean_add_body_class":"","ocean_shortcode_before_top_bar":"","ocean_shortcode_after_top_bar":"","ocean_shortcode_before_header":"","ocean_shortcode_after_header":"","ocean_has_shortcode":"","ocean_shortcode_after_title":"","ocean_shortcode_before_footer_widgets":"","ocean_shortcode_after_footer_widgets":"","ocean_shortcode_before_footer_bottom":"","ocean_shortcode_after_footer_bottom":"","ocean_display_top_bar":"default","ocean_display_header":"default","ocean_header_style":"","ocean_center_header_left_menu":"0","ocean_custom_header_template":"0","ocean_custom_logo":0,"ocean_custom_retina_logo":0,"ocean_custom_logo_max_width":0,"ocean_custom_logo_tablet_max_width":0,"ocean_custom_logo_mobile_max_width":0,"ocean_custom_logo_max_height":0,"ocean_custom_logo_tablet_max_height":0,"ocean_custom_logo_mobile_max_height":0,"ocean_header_custom_menu":"0","ocean_menu_typo_font_family":"0","ocean_menu_typo_font_subset":"","ocean_menu_typo_font_size":0,"ocean_menu_typo_font_size_tablet":0,"ocean_menu_typo_font_size_mobile":0,"ocean_menu_typo_font_size_unit":"px","ocean_menu_typo_font_weight":"","ocean_menu_typo_font_weight_tablet":"","ocean_menu_typo_font_weight_mobile":"","ocean_menu_typo_transform":"","ocean_menu_typo_transform_tablet":"","ocean_menu_typo_transform_mobile":"","ocean_menu_typo_line_height":0,"ocean_menu_typo_line_height_tablet":0,"ocean_menu_typo_line_height_mobile":0,"ocean_menu_typo_line_height_unit":"","ocean_menu_typo_spacing":0,"ocean_menu_typo_spacing_tablet":0,"ocean_menu_typo_spacing_mobile":0,"ocean_menu_typo_spacing_unit":"","ocean_menu_link_color":"","ocean_menu_link_color_hover":"","ocean_menu_link_color_active":"","ocean_menu_link_background":"","ocean_menu_link_hover_background":"","ocean_menu_link_active_background":"","ocean_menu_social_links_bg":"","ocean_menu_social_hover_links_bg":"","ocean_menu_social_links_color":"","ocean_menu_social_hover_links_color":"","ocean_disable_title":"default","ocean_disable_heading":"default","ocean_post_title":"","ocean_post_subheading":"","ocean_post_title_style":"","ocean_post_title_background_color":"","ocean_post_title_background":0,"ocean_post_title_bg_image_position":"","ocean_post_title_bg_image_attachment":"","ocean_post_title_bg_image_repeat":"","ocean_post_title_bg_image_size":"","ocean_post_title_height":0,"ocean_post_title_bg_overlay":0.5,"ocean_post_title_bg_overlay_color":"","ocean_disable_breadcrumbs":"default","ocean_breadcrumbs_color":"","ocean_breadcrumbs_separator_color":"","ocean_breadcrumbs_links_color":"","ocean_breadcrumbs_links_hover_color":"","ocean_display_footer_widgets":"default","ocean_display_footer_bottom":"default","ocean_custom_footer_template":"0","footnotes":""},"class_list":["post-1014","page","type-page","status-publish","hentry","entry"],"yoast_head":"<!-- This site is optimized with the Yoast SEO plugin v27.4 - https:\/\/yoast.com\/product\/yoast-seo-wordpress\/ -->\n<title>A propos - Saint Cyr Cadrages<\/title>\n<meta name=\"robots\" content=\"index, follow, max-snippet:-1, max-image-preview:large, max-video-preview:-1\" \/>\n<link rel=\"canonical\" href=\"https:\/\/saintcyrcadrages.com\/accueil\/a-propos\/\" \/>\n<meta property=\"og:locale\" content=\"fr_FR\" \/>\n<meta property=\"og:type\" content=\"article\" \/>\n<meta property=\"og:title\" content=\"A propos - Saint Cyr Cadrages\" \/>\n<meta property=\"og:description\" content=\"Projet associatif Saint Cyr Cadrages:&nbsp;photographie \u00e0 Saint Cyr en Val 1- Contexte et besoins :Avec le d\u00e9veloppement du num\u00e9rique, de plus en plus de personnes produisent des images avec leur [&hellip;]\" \/>\n<meta property=\"og:url\" content=\"https:\/\/saintcyrcadrages.com\/accueil\/a-propos\/\" \/>\n<meta property=\"og:site_name\" content=\"Saint Cyr Cadrages\" \/>\n<meta property=\"article:modified_time\" content=\"2022-09-24T11:46:21+00:00\" \/>\n<meta property=\"og:image\" content=\"https:\/\/saintcyrenvalcadrages.files.wordpress.com\/2017\/09\/st-cyr-cadrages-jo.jpg?w=342&amp;h=484\" \/>\n<meta name=\"twitter:card\" content=\"summary_large_image\" \/>\n<meta name=\"twitter:label1\" content=\"Dur\u00e9e de lecture estim\u00e9e\" \/>\n\t<meta name=\"twitter:data1\" content=\"2 minutes\" \/>\n<script type=\"application\/ld+json\" class=\"yoast-schema-graph\">{\"@context\":\"https:\\\/\\\/schema.org\",\"@graph\":[{\"@type\":\"WebPage\",\"@id\":\"https:\\\/\\\/saintcyrcadrages.com\\\/accueil\\\/a-propos\\\/\",\"url\":\"https:\\\/\\\/saintcyrcadrages.com\\\/accueil\\\/a-propos\\\/\",\"name\":\"A propos - Saint Cyr Cadrages\",\"isPartOf\":{\"@id\":\"https:\\\/\\\/saintcyrcadrages.com\\\/accueil\\\/#website\"},\"primaryImageOfPage\":{\"@id\":\"https:\\\/\\\/saintcyrcadrages.com\\\/accueil\\\/a-propos\\\/#primaryimage\"},\"image\":{\"@id\":\"https:\\\/\\\/saintcyrcadrages.com\\\/accueil\\\/a-propos\\\/#primaryimage\"},\"thumbnailUrl\":\"https:\\\/\\\/saintcyrenvalcadrages.files.wordpress.com\\\/2017\\\/09\\\/st-cyr-cadrages-jo.jpg?w=342&amp;h=484\",\"datePublished\":\"2021-09-19T12:48:49+00:00\",\"dateModified\":\"2022-09-24T11:46:21+00:00\",\"breadcrumb\":{\"@id\":\"https:\\\/\\\/saintcyrcadrages.com\\\/accueil\\\/a-propos\\\/#breadcrumb\"},\"inLanguage\":\"fr-FR\",\"potentialAction\":[{\"@type\":\"ReadAction\",\"target\":[\"https:\\\/\\\/saintcyrcadrages.com\\\/accueil\\\/a-propos\\\/\"]}]},{\"@type\":\"ImageObject\",\"inLanguage\":\"fr-FR\",\"@id\":\"https:\\\/\\\/saintcyrcadrages.com\\\/accueil\\\/a-propos\\\/#primaryimage\",\"url\":\"https:\\\/\\\/saintcyrenvalcadrages.files.wordpress.com\\\/2017\\\/09\\\/st-cyr-cadrages-jo.jpg?w=342&amp;h=484\",\"contentUrl\":\"https:\\\/\\\/saintcyrenvalcadrages.files.wordpress.com\\\/2017\\\/09\\\/st-cyr-cadrages-jo.jpg?w=342&amp;h=484\"},{\"@type\":\"BreadcrumbList\",\"@id\":\"https:\\\/\\\/saintcyrcadrages.com\\\/accueil\\\/a-propos\\\/#breadcrumb\",\"itemListElement\":[{\"@type\":\"ListItem\",\"position\":1,\"name\":\"Accueil\",\"item\":\"https:\\\/\\\/saintcyrcadrages.com\\\/accueil\\\/\"},{\"@type\":\"ListItem\",\"position\":2,\"name\":\"A propos\"}]},{\"@type\":\"WebSite\",\"@id\":\"https:\\\/\\\/saintcyrcadrages.com\\\/accueil\\\/#website\",\"url\":\"https:\\\/\\\/saintcyrcadrages.com\\\/accueil\\\/\",\"name\":\"Saint Cyr Cadrages\",\"description\":\"Photographie\",\"potentialAction\":[{\"@type\":\"SearchAction\",\"target\":{\"@type\":\"EntryPoint\",\"urlTemplate\":\"https:\\\/\\\/saintcyrcadrages.com\\\/accueil\\\/?s={search_term_string}\"},\"query-input\":{\"@type\":\"PropertyValueSpecification\",\"valueRequired\":true,\"valueName\":\"search_term_string\"}}],\"inLanguage\":\"fr-FR\"}]}<\/script>\n<!-- \/ Yoast SEO plugin. -->","yoast_head_json":{"title":"A propos - Saint Cyr Cadrages","robots":{"index":"index","follow":"follow","max-snippet":"max-snippet:-1","max-image-preview":"max-image-preview:large","max-video-preview":"max-video-preview:-1"},"canonical":"https:\/\/saintcyrcadrages.com\/accueil\/a-propos\/","og_locale":"fr_FR","og_type":"article","og_title":"A propos - Saint Cyr Cadrages","og_description":"Projet associatif Saint Cyr Cadrages:&nbsp;photographie \u00e0 Saint Cyr en Val 1- Contexte et besoins :Avec le d\u00e9veloppement du num\u00e9rique, de plus en plus de personnes produisent des images avec leur [&hellip;]","og_url":"https:\/\/saintcyrcadrages.com\/accueil\/a-propos\/","og_site_name":"Saint Cyr Cadrages","article_modified_time":"2022-09-24T11:46:21+00:00","og_image":[{"url":"https:\/\/saintcyrenvalcadrages.files.wordpress.com\/2017\/09\/st-cyr-cadrages-jo.jpg?w=342&amp;h=484","type":"","width":"","height":""}],"twitter_card":"summary_large_image","twitter_misc":{"Dur\u00e9e de lecture estim\u00e9e":"2 minutes"},"schema":{"@context":"https:\/\/schema.org","@graph":[{"@type":"WebPage","@id":"https:\/\/saintcyrcadrages.com\/accueil\/a-propos\/","url":"https:\/\/saintcyrcadrages.com\/accueil\/a-propos\/","name":"A propos - Saint Cyr Cadrages","isPartOf":{"@id":"https:\/\/saintcyrcadrages.com\/accueil\/#website"},"primaryImageOfPage":{"@id":"https:\/\/saintcyrcadrages.com\/accueil\/a-propos\/#primaryimage"},"image":{"@id":"https:\/\/saintcyrcadrages.com\/accueil\/a-propos\/#primaryimage"},"thumbnailUrl":"https:\/\/saintcyrenvalcadrages.files.wordpress.com\/2017\/09\/st-cyr-cadrages-jo.jpg?w=342&amp;h=484","datePublished":"2021-09-19T12:48:49+00:00","dateModified":"2022-09-24T11:46:21+00:00","breadcrumb":{"@id":"https:\/\/saintcyrcadrages.com\/accueil\/a-propos\/#breadcrumb"},"inLanguage":"fr-FR","potentialAction":[{"@type":"ReadAction","target":["https:\/\/saintcyrcadrages.com\/accueil\/a-propos\/"]}]},{"@type":"ImageObject","inLanguage":"fr-FR","@id":"https:\/\/saintcyrcadrages.com\/accueil\/a-propos\/#primaryimage","url":"https:\/\/saintcyrenvalcadrages.files.wordpress.com\/2017\/09\/st-cyr-cadrages-jo.jpg?w=342&amp;h=484","contentUrl":"https:\/\/saintcyrenvalcadrages.files.wordpress.com\/2017\/09\/st-cyr-cadrages-jo.jpg?w=342&amp;h=484"},{"@type":"BreadcrumbList","@id":"https:\/\/saintcyrcadrages.com\/accueil\/a-propos\/#breadcrumb","itemListElement":[{"@type":"ListItem","position":1,"name":"Accueil","item":"https:\/\/saintcyrcadrages.com\/accueil\/"},{"@type":"ListItem","position":2,"name":"A propos"}]},{"@type":"WebSite","@id":"https:\/\/saintcyrcadrages.com\/accueil\/#website","url":"https:\/\/saintcyrcadrages.com\/accueil\/","name":"Saint Cyr Cadrages","description":"Photographie","potentialAction":[{"@type":"SearchAction","target":{"@type":"EntryPoint","urlTemplate":"https:\/\/saintcyrcadrages.com\/accueil\/?s={search_term_string}"},"query-input":{"@type":"PropertyValueSpecification","valueRequired":true,"valueName":"search_term_string"}}],"inLanguage":"fr-FR"}]}},"_links":{"self":[{"href":"https:\/\/saintcyrcadrages.com\/accueil\/wp-json\/wp\/v2\/pages\/1014","targetHints":{"allow":["GET"]}}],"collection":[{"href":"https:\/\/saintcyrcadrages.com\/accueil\/wp-json\/wp\/v2\/pages"}],"about":[{"href":"https:\/\/saintcyrcadrages.com\/accueil\/wp-json\/wp\/v2\/types\/page"}],"author":[{"embeddable":true,"href":"https:\/\/saintcyrcadrages.com\/accueil\/wp-json\/wp\/v2\/users\/1"}],"replies":[{"embeddable":true,"href":"https:\/\/saintcyrcadrages.com\/accueil\/wp-json\/wp\/v2\/comments?post=1014"}],"version-history":[{"count":5,"href":"https:\/\/saintcyrcadrages.com\/accueil\/wp-json\/wp\/v2\/pages\/1014\/revisions"}],"predecessor-version":[{"id":3456,"href":"https:\/\/saintcyrcadrages.com\/accueil\/wp-json\/wp\/v2\/pages\/1014\/revisions\/3456"}],"wp:attachment":[{"href":"https:\/\/saintcyrcadrages.com\/accueil\/wp-json\/wp\/v2\/media?parent=1014"}],"curies":[{"name":"wp","href":"https:\/\/api.w.org\/{rel}","templated":true}]}}