{"id":19,"date":"2021-09-07T08:55:04","date_gmt":"2021-09-07T08:55:04","guid":{"rendered":"http:\/\/saintcyrcadrages.com\/?page_id=19"},"modified":"2025-11-27T11:01:44","modified_gmt":"2025-11-27T10:01:44","slug":"concours","status":"publish","type":"page","link":"https:\/\/saintcyrcadrages.com\/accueil\/concours\/","title":{"rendered":"Concours"},"content":{"rendered":"\t\t<div data-elementor-type=\"wp-page\" data-elementor-id=\"19\" class=\"elementor elementor-19\">\n\t\t\t\t\t\t<section class=\"elementor-section elementor-top-section elementor-element elementor-element-74b1782 elementor-section-boxed elementor-section-height-default elementor-section-height-default\" data-id=\"74b1782\" data-element_type=\"section\" data-e-type=\"section\">\n\t\t\t\t\t\t<div class=\"elementor-container elementor-column-gap-default\">\n\t\t\t\t\t<div class=\"elementor-column elementor-col-100 elementor-top-column elementor-element elementor-element-9a98a38\" data-id=\"9a98a38\" data-element_type=\"column\" data-e-type=\"column\">\n\t\t\t<div class=\"elementor-widget-wrap elementor-element-populated\">\n\t\t\t\t\t\t<div class=\"elementor-element elementor-element-2c67918 elementor-widget elementor-widget-heading\" data-id=\"2c67918\" data-element_type=\"widget\" data-e-type=\"widget\" data-widget_type=\"heading.default\">\n\t\t\t\t<div class=\"elementor-widget-container\">\n\t\t\t\t\t<h2 class=\"elementor-heading-title elementor-size-large\">Tous les ans au Ch\u00e2teau de Morch\u00eane \n\u00e0 Saint Cyr en Val<\/h2>\t\t\t\t<\/div>\n\t\t\t\t<\/div>\n\t\t\t\t\t<\/div>\n\t\t<\/div>\n\t\t\t\t\t<\/div>\n\t\t<\/section>\n\t\t\t\t<section class=\"elementor-section elementor-top-section elementor-element elementor-element-da8e1c5 elementor-section-boxed elementor-section-height-default elementor-section-height-default\" data-id=\"da8e1c5\" data-element_type=\"section\" data-e-type=\"section\">\n\t\t\t\t\t\t<div class=\"elementor-container elementor-column-gap-default\">\n\t\t\t\t\t<div class=\"elementor-column elementor-col-100 elementor-top-column elementor-element elementor-element-2c180ec\" data-id=\"2c180ec\" data-element_type=\"column\" data-e-type=\"column\">\n\t\t\t<div class=\"elementor-widget-wrap elementor-element-populated\">\n\t\t\t\t\t\t<div class=\"elementor-element elementor-element-cfb9896 gallery-spacing-custom elementor-widget elementor-widget-image-gallery\" data-id=\"cfb9896\" data-element_type=\"widget\" data-e-type=\"widget\" data-widget_type=\"image-gallery.default\">\n\t\t\t\t<div class=\"elementor-widget-container\">\n\t\t\t\t\t\t\t<div class=\"elementor-image-gallery\">\n\t\t\t<div id='gallery-1' class='gallery galleryid-19 gallery-columns-3 gallery-size-large'><figure class='gallery-item'>\n\t\t\t<div class='gallery-icon portrait'>\n\t\t\t\t<a data-elementor-open-lightbox=\"no\" href='https:\/\/saintcyrcadrages.com\/wp-content\/uploads\/2025\/11\/Affiche-20x30-1.jpeg'><img fetchpriority=\"high\" decoding=\"async\" width=\"427\" height=\"640\" src=\"https:\/\/saintcyrcadrages.com\/wp-content\/uploads\/2025\/11\/Affiche-20x30-1.jpeg\" class=\"attachment-large size-large\" alt=\"\" srcset=\"https:\/\/saintcyrcadrages.com\/wp-content\/uploads\/2025\/11\/Affiche-20x30-1.jpeg 427w, https:\/\/saintcyrcadrages.com\/wp-content\/uploads\/2025\/11\/Affiche-20x30-1-200x300.jpeg 200w, https:\/\/saintcyrcadrages.com\/wp-content\/uploads\/2025\/11\/Affiche-20x30-1-100x150.jpeg 100w\" sizes=\"(max-width: 427px) 100vw, 427px\" \/><\/a>\n\t\t\t<\/div><\/figure><figure class='gallery-item'>\n\t\t\t<div class='gallery-icon portrait'>\n\t\t\t\t<a data-elementor-open-lightbox=\"no\" href='https:\/\/saintcyrcadrages.com\/wp-content\/uploads\/2025\/04\/Affiche-IMPRESSION-Club.jpg'><img decoding=\"async\" width=\"750\" height=\"1000\" src=\"https:\/\/saintcyrcadrages.com\/wp-content\/uploads\/2025\/04\/Affiche-IMPRESSION-Club.jpg\" class=\"attachment-large size-large\" alt=\"\" srcset=\"https:\/\/saintcyrcadrages.com\/wp-content\/uploads\/2025\/04\/Affiche-IMPRESSION-Club.jpg 750w, https:\/\/saintcyrcadrages.com\/wp-content\/uploads\/2025\/04\/Affiche-IMPRESSION-Club-225x300.jpg 225w, https:\/\/saintcyrcadrages.com\/wp-content\/uploads\/2025\/04\/Affiche-IMPRESSION-Club-113x150.jpg 113w\" sizes=\"(max-width: 750px) 100vw, 750px\" \/><\/a>\n\t\t\t<\/div><\/figure><figure class='gallery-item'>\n\t\t\t<div class='gallery-icon portrait'>\n\t\t\t\t<a data-elementor-open-lightbox=\"no\" href='https:\/\/saintcyrcadrages.com\/wp-content\/uploads\/2023\/07\/Affiche-40X60-2024.jpg'><img decoding=\"async\" width=\"667\" height=\"1000\" src=\"https:\/\/saintcyrcadrages.com\/wp-content\/uploads\/2023\/07\/Affiche-40X60-2024.jpg\" class=\"attachment-large size-large\" alt=\"\" srcset=\"https:\/\/saintcyrcadrages.com\/wp-content\/uploads\/2023\/07\/Affiche-40X60-2024.jpg 667w, https:\/\/saintcyrcadrages.com\/wp-content\/uploads\/2023\/07\/Affiche-40X60-2024-200x300.jpg 200w, https:\/\/saintcyrcadrages.com\/wp-content\/uploads\/2023\/07\/Affiche-40X60-2024-100x150.jpg 100w\" sizes=\"(max-width: 667px) 100vw, 667px\" \/><\/a>\n\t\t\t<\/div><\/figure><figure class='gallery-item'>\n\t\t\t<div class='gallery-icon portrait'>\n\t\t\t\t<a data-elementor-open-lightbox=\"no\" href='https:\/\/saintcyrcadrages.com\/wp-content\/uploads\/2023\/02\/Affiche-40X60.jpg'><img loading=\"lazy\" decoding=\"async\" width=\"667\" height=\"1000\" src=\"https:\/\/saintcyrcadrages.com\/wp-content\/uploads\/2023\/02\/Affiche-40X60.jpg\" class=\"attachment-large size-large\" alt=\"\" srcset=\"https:\/\/saintcyrcadrages.com\/wp-content\/uploads\/2023\/02\/Affiche-40X60.jpg 667w, https:\/\/saintcyrcadrages.com\/wp-content\/uploads\/2023\/02\/Affiche-40X60-200x300.jpg 200w, https:\/\/saintcyrcadrages.com\/wp-content\/uploads\/2023\/02\/Affiche-40X60-100x150.jpg 100w\" sizes=\"(max-width: 667px) 100vw, 667px\" \/><\/a>\n\t\t\t<\/div><\/figure><figure class='gallery-item'>\n\t\t\t<div class='gallery-icon portrait'>\n\t\t\t\t<a data-elementor-open-lightbox=\"no\" href='https:\/\/saintcyrcadrages.com\/wp-content\/uploads\/2021\/11\/Affiche-7e\u0300me-Edition.jpg'><img loading=\"lazy\" decoding=\"async\" width=\"667\" height=\"1000\" src=\"https:\/\/saintcyrcadrages.com\/wp-content\/uploads\/2021\/11\/Affiche-7e\u0300me-Edition.jpg\" class=\"attachment-large size-large\" alt=\"\" srcset=\"https:\/\/saintcyrcadrages.com\/wp-content\/uploads\/2021\/11\/Affiche-7e\u0300me-Edition.jpg 667w, https:\/\/saintcyrcadrages.com\/wp-content\/uploads\/2021\/11\/Affiche-7e\u0300me-Edition-200x300.jpg 200w, https:\/\/saintcyrcadrages.com\/wp-content\/uploads\/2021\/11\/Affiche-7e\u0300me-Edition-100x150.jpg 100w\" sizes=\"(max-width: 667px) 100vw, 667px\" \/><\/a>\n\t\t\t<\/div><\/figure><figure class='gallery-item'>\n\t\t\t<div class='gallery-icon portrait'>\n\t\t\t\t<a data-elementor-open-lightbox=\"no\" href='https:\/\/saintcyrcadrages.com\/wp-content\/uploads\/2021\/09\/Affiche-40X60-4.jpg'><img loading=\"lazy\" decoding=\"async\" width=\"667\" height=\"1000\" src=\"https:\/\/saintcyrcadrages.com\/wp-content\/uploads\/2021\/09\/Affiche-40X60-4.jpg\" class=\"attachment-large size-large\" alt=\"\" srcset=\"https:\/\/saintcyrcadrages.com\/wp-content\/uploads\/2021\/09\/Affiche-40X60-4.jpg 667w, https:\/\/saintcyrcadrages.com\/wp-content\/uploads\/2021\/09\/Affiche-40X60-4-200x300.jpg 200w, https:\/\/saintcyrcadrages.com\/wp-content\/uploads\/2021\/09\/Affiche-40X60-4-100x150.jpg 100w\" sizes=\"(max-width: 667px) 100vw, 667px\" \/><\/a>\n\t\t\t<\/div><\/figure><figure class='gallery-item'>\n\t\t\t<div class='gallery-icon portrait'>\n\t\t\t\t<a data-elementor-open-lightbox=\"no\" href='https:\/\/saintcyrcadrages.com\/wp-content\/uploads\/2021\/09\/Affiche-40X60-5.jpg'><img loading=\"lazy\" decoding=\"async\" width=\"667\" height=\"1000\" src=\"https:\/\/saintcyrcadrages.com\/wp-content\/uploads\/2021\/09\/Affiche-40X60-5.jpg\" class=\"attachment-large size-large\" alt=\"\" srcset=\"https:\/\/saintcyrcadrages.com\/wp-content\/uploads\/2021\/09\/Affiche-40X60-5.jpg 667w, https:\/\/saintcyrcadrages.com\/wp-content\/uploads\/2021\/09\/Affiche-40X60-5-200x300.jpg 200w, https:\/\/saintcyrcadrages.com\/wp-content\/uploads\/2021\/09\/Affiche-40X60-5-100x150.jpg 100w\" sizes=\"(max-width: 667px) 100vw, 667px\" \/><\/a>\n\t\t\t<\/div><\/figure><figure class='gallery-item'>\n\t\t\t<div class='gallery-icon portrait'>\n\t\t\t\t<a data-elementor-open-lightbox=\"no\" href='https:\/\/saintcyrcadrages.com\/wp-content\/uploads\/2021\/09\/WEB-Affiche-2019-06.jpg'><img loading=\"lazy\" decoding=\"async\" width=\"717\" height=\"1000\" src=\"https:\/\/saintcyrcadrages.com\/wp-content\/uploads\/2021\/09\/WEB-Affiche-2019-06.jpg\" class=\"attachment-large size-large\" alt=\"\" srcset=\"https:\/\/saintcyrcadrages.com\/wp-content\/uploads\/2021\/09\/WEB-Affiche-2019-06.jpg 717w, https:\/\/saintcyrcadrages.com\/wp-content\/uploads\/2021\/09\/WEB-Affiche-2019-06-215x300.jpg 215w, https:\/\/saintcyrcadrages.com\/wp-content\/uploads\/2021\/09\/WEB-Affiche-2019-06-108x150.jpg 108w\" sizes=\"(max-width: 717px) 100vw, 717px\" \/><\/a>\n\t\t\t<\/div><\/figure><figure class='gallery-item'>\n\t\t\t<div class='gallery-icon portrait'>\n\t\t\t\t<a data-elementor-open-lightbox=\"no\" href='https:\/\/saintcyrcadrages.com\/wp-content\/uploads\/2021\/09\/Affiche-1.jpg'><img loading=\"lazy\" decoding=\"async\" width=\"707\" height=\"1000\" src=\"https:\/\/saintcyrcadrages.com\/wp-content\/uploads\/2021\/09\/Affiche-1.jpg\" class=\"attachment-large size-large\" alt=\"\" srcset=\"https:\/\/saintcyrcadrages.com\/wp-content\/uploads\/2021\/09\/Affiche-1.jpg 707w, https:\/\/saintcyrcadrages.com\/wp-content\/uploads\/2021\/09\/Affiche-1-212x300.jpg 212w, https:\/\/saintcyrcadrages.com\/wp-content\/uploads\/2021\/09\/Affiche-1-106x150.jpg 106w\" sizes=\"(max-width: 707px) 100vw, 707px\" \/><\/a>\n\t\t\t<\/div><\/figure><figure class='gallery-item'>\n\t\t\t<div class='gallery-icon portrait'>\n\t\t\t\t<a data-elementor-open-lightbox=\"no\" href='https:\/\/saintcyrcadrages.com\/wp-content\/uploads\/2021\/09\/Affiche-2017.jpg'><img loading=\"lazy\" decoding=\"async\" width=\"709\" height=\"1000\" src=\"https:\/\/saintcyrcadrages.com\/wp-content\/uploads\/2021\/09\/Affiche-2017.jpg\" class=\"attachment-large size-large\" alt=\"\" srcset=\"https:\/\/saintcyrcadrages.com\/wp-content\/uploads\/2021\/09\/Affiche-2017.jpg 709w, https:\/\/saintcyrcadrages.com\/wp-content\/uploads\/2021\/09\/Affiche-2017-213x300.jpg 213w, https:\/\/saintcyrcadrages.com\/wp-content\/uploads\/2021\/09\/Affiche-2017-106x150.jpg 106w\" sizes=\"(max-width: 709px) 100vw, 709px\" \/><\/a>\n\t\t\t<\/div><\/figure><figure class='gallery-item'>\n\t\t\t<div class='gallery-icon portrait'>\n\t\t\t\t<a data-elementor-open-lightbox=\"no\" href='https:\/\/saintcyrcadrages.com\/wp-content\/uploads\/2021\/09\/Affiche-2016.jpeg'><img loading=\"lazy\" decoding=\"async\" width=\"269\" height=\"380\" src=\"https:\/\/saintcyrcadrages.com\/wp-content\/uploads\/2021\/09\/Affiche-2016.jpeg\" class=\"attachment-large size-large\" alt=\"\" srcset=\"https:\/\/saintcyrcadrages.com\/wp-content\/uploads\/2021\/09\/Affiche-2016.jpeg 269w, https:\/\/saintcyrcadrages.com\/wp-content\/uploads\/2021\/09\/Affiche-2016-212x300.jpeg 212w, https:\/\/saintcyrcadrages.com\/wp-content\/uploads\/2021\/09\/Affiche-2016-106x150.jpeg 106w\" sizes=\"(max-width: 269px) 100vw, 269px\" \/><\/a>\n\t\t\t<\/div><\/figure>\n\t\t<\/div>\n\t\t<\/div>\n\t\t\t\t\t\t<\/div>\n\t\t\t\t<\/div>\n\t\t\t\t\t<\/div>\n\t\t<\/div>\n\t\t\t\t\t<\/div>\n\t\t<\/section>\n\t\t\t\t<\/div>\n\t\t","protected":false},"excerpt":{"rendered":"<p>Tous les ans au Ch\u00e2teau de Morch\u00eane \u00e0 Saint Cyr en Val<\/p>\n","protected":false},"author":1,"featured_media":0,"parent":0,"menu_order":0,"comment_status":"closed","ping_status":"closed","template":"","meta":{"ocean_post_layout":"","ocean_both_sidebars_style":"","ocean_both_sidebars_content_width":0,"ocean_both_sidebars_sidebars_width":0,"ocean_sidebar":"0","ocean_second_sidebar":"0","ocean_disable_margins":"enable","ocean_add_body_class":"","ocean_shortcode_before_top_bar":"","ocean_shortcode_after_top_bar":"","ocean_shortcode_before_header":"","ocean_shortcode_after_header":"","ocean_has_shortcode":"","ocean_shortcode_after_title":"","ocean_shortcode_before_footer_widgets":"","ocean_shortcode_after_footer_widgets":"","ocean_shortcode_before_footer_bottom":"","ocean_shortcode_after_footer_bottom":"","ocean_display_top_bar":"default","ocean_display_header":"default","ocean_header_style":"","ocean_center_header_left_menu":"0","ocean_custom_header_template":"0","ocean_custom_logo":0,"ocean_custom_retina_logo":0,"ocean_custom_logo_max_width":0,"ocean_custom_logo_tablet_max_width":0,"ocean_custom_logo_mobile_max_width":0,"ocean_custom_logo_max_height":0,"ocean_custom_logo_tablet_max_height":0,"ocean_custom_logo_mobile_max_height":0,"ocean_header_custom_menu":"0","ocean_menu_typo_font_family":"0","ocean_menu_typo_font_subset":"","ocean_menu_typo_font_size":0,"ocean_menu_typo_font_size_tablet":0,"ocean_menu_typo_font_size_mobile":0,"ocean_menu_typo_font_size_unit":"px","ocean_menu_typo_font_weight":"","ocean_menu_typo_font_weight_tablet":"","ocean_menu_typo_font_weight_mobile":"","ocean_menu_typo_transform":"","ocean_menu_typo_transform_tablet":"","ocean_menu_typo_transform_mobile":"","ocean_menu_typo_line_height":0,"ocean_menu_typo_line_height_tablet":0,"ocean_menu_typo_line_height_mobile":0,"ocean_menu_typo_line_height_unit":"","ocean_menu_typo_spacing":0,"ocean_menu_typo_spacing_tablet":0,"ocean_menu_typo_spacing_mobile":0,"ocean_menu_typo_spacing_unit":"","ocean_menu_link_color":"","ocean_menu_link_color_hover":"","ocean_menu_link_color_active":"","ocean_menu_link_background":"","ocean_menu_link_hover_background":"","ocean_menu_link_active_background":"","ocean_menu_social_links_bg":"","ocean_menu_social_hover_links_bg":"","ocean_menu_social_links_color":"","ocean_menu_social_hover_links_color":"","ocean_disable_title":"default","ocean_disable_heading":"default","ocean_post_title":"","ocean_post_subheading":"","ocean_post_title_style":"","ocean_post_title_background_color":"","ocean_post_title_background":0,"ocean_post_title_bg_image_position":"","ocean_post_title_bg_image_attachment":"","ocean_post_title_bg_image_repeat":"","ocean_post_title_bg_image_size":"","ocean_post_title_height":0,"ocean_post_title_bg_overlay":0.5,"ocean_post_title_bg_overlay_color":"","ocean_disable_breadcrumbs":"default","ocean_breadcrumbs_color":"","ocean_breadcrumbs_separator_color":"","ocean_breadcrumbs_links_color":"","ocean_breadcrumbs_links_hover_color":"","ocean_display_footer_widgets":"default","ocean_display_footer_bottom":"default","ocean_custom_footer_template":"0","footnotes":""},"class_list":["post-19","page","type-page","status-publish","hentry","entry"],"yoast_head":"<!-- This site is optimized with the Yoast SEO plugin v27.4 - https:\/\/yoast.com\/product\/yoast-seo-wordpress\/ -->\n<title>Concours - Saint Cyr Cadrages<\/title>\n<meta name=\"robots\" content=\"index, follow, max-snippet:-1, max-image-preview:large, max-video-preview:-1\" \/>\n<link rel=\"canonical\" href=\"https:\/\/saintcyrcadrages.com\/accueil\/concours\/\" \/>\n<meta property=\"og:locale\" content=\"fr_FR\" \/>\n<meta property=\"og:type\" content=\"article\" \/>\n<meta property=\"og:title\" content=\"Concours - Saint Cyr Cadrages\" \/>\n<meta property=\"og:description\" content=\"Tous les ans au Ch\u00e2teau de Morch\u00eane \u00e0 Saint Cyr en Val\" \/>\n<meta property=\"og:url\" content=\"https:\/\/saintcyrcadrages.com\/accueil\/concours\/\" \/>\n<meta property=\"og:site_name\" content=\"Saint Cyr Cadrages\" \/>\n<meta property=\"article:modified_time\" content=\"2025-11-27T10:01:44+00:00\" \/>\n<meta property=\"og:image\" content=\"https:\/\/saintcyrcadrages.com\/wp-content\/uploads\/2025\/11\/Affiche-20x30-1.jpeg\" \/>\n<meta name=\"twitter:card\" content=\"summary_large_image\" \/>\n<meta name=\"twitter:label1\" content=\"Dur\u00e9e de lecture estim\u00e9e\" \/>\n\t<meta name=\"twitter:data1\" content=\"3 minutes\" \/>\n<script type=\"application\/ld+json\" class=\"yoast-schema-graph\">{\"@context\":\"https:\\\/\\\/schema.org\",\"@graph\":[{\"@type\":\"WebPage\",\"@id\":\"https:\\\/\\\/saintcyrcadrages.com\\\/accueil\\\/concours\\\/\",\"url\":\"https:\\\/\\\/saintcyrcadrages.com\\\/accueil\\\/concours\\\/\",\"name\":\"Concours - Saint Cyr Cadrages\",\"isPartOf\":{\"@id\":\"https:\\\/\\\/saintcyrcadrages.com\\\/accueil\\\/#website\"},\"primaryImageOfPage\":{\"@id\":\"https:\\\/\\\/saintcyrcadrages.com\\\/accueil\\\/concours\\\/#primaryimage\"},\"image\":{\"@id\":\"https:\\\/\\\/saintcyrcadrages.com\\\/accueil\\\/concours\\\/#primaryimage\"},\"thumbnailUrl\":\"https:\\\/\\\/saintcyrcadrages.com\\\/wp-content\\\/uploads\\\/2025\\\/11\\\/Affiche-20x30-1.jpeg\",\"datePublished\":\"2021-09-07T08:55:04+00:00\",\"dateModified\":\"2025-11-27T10:01:44+00:00\",\"breadcrumb\":{\"@id\":\"https:\\\/\\\/saintcyrcadrages.com\\\/accueil\\\/concours\\\/#breadcrumb\"},\"inLanguage\":\"fr-FR\",\"potentialAction\":[{\"@type\":\"ReadAction\",\"target\":[\"https:\\\/\\\/saintcyrcadrages.com\\\/accueil\\\/concours\\\/\"]}]},{\"@type\":\"ImageObject\",\"inLanguage\":\"fr-FR\",\"@id\":\"https:\\\/\\\/saintcyrcadrages.com\\\/accueil\\\/concours\\\/#primaryimage\",\"url\":\"https:\\\/\\\/saintcyrcadrages.com\\\/wp-content\\\/uploads\\\/2025\\\/11\\\/Affiche-20x30-1.jpeg\",\"contentUrl\":\"https:\\\/\\\/saintcyrcadrages.com\\\/wp-content\\\/uploads\\\/2025\\\/11\\\/Affiche-20x30-1.jpeg\"},{\"@type\":\"BreadcrumbList\",\"@id\":\"https:\\\/\\\/saintcyrcadrages.com\\\/accueil\\\/concours\\\/#breadcrumb\",\"itemListElement\":[{\"@type\":\"ListItem\",\"position\":1,\"name\":\"Accueil\",\"item\":\"https:\\\/\\\/saintcyrcadrages.com\\\/accueil\\\/\"},{\"@type\":\"ListItem\",\"position\":2,\"name\":\"Concours\"}]},{\"@type\":\"WebSite\",\"@id\":\"https:\\\/\\\/saintcyrcadrages.com\\\/accueil\\\/#website\",\"url\":\"https:\\\/\\\/saintcyrcadrages.com\\\/accueil\\\/\",\"name\":\"Saint Cyr Cadrages\",\"description\":\"Photographie\",\"potentialAction\":[{\"@type\":\"SearchAction\",\"target\":{\"@type\":\"EntryPoint\",\"urlTemplate\":\"https:\\\/\\\/saintcyrcadrages.com\\\/accueil\\\/?s={search_term_string}\"},\"query-input\":{\"@type\":\"PropertyValueSpecification\",\"valueRequired\":true,\"valueName\":\"search_term_string\"}}],\"inLanguage\":\"fr-FR\"}]}<\/script>\n<!-- \/ Yoast SEO plugin. -->","yoast_head_json":{"title":"Concours - Saint Cyr Cadrages","robots":{"index":"index","follow":"follow","max-snippet":"max-snippet:-1","max-image-preview":"max-image-preview:large","max-video-preview":"max-video-preview:-1"},"canonical":"https:\/\/saintcyrcadrages.com\/accueil\/concours\/","og_locale":"fr_FR","og_type":"article","og_title":"Concours - Saint Cyr Cadrages","og_description":"Tous les ans au Ch\u00e2teau de Morch\u00eane \u00e0 Saint Cyr en Val","og_url":"https:\/\/saintcyrcadrages.com\/accueil\/concours\/","og_site_name":"Saint Cyr Cadrages","article_modified_time":"2025-11-27T10:01:44+00:00","og_image":[{"url":"https:\/\/saintcyrcadrages.com\/wp-content\/uploads\/2025\/11\/Affiche-20x30-1.jpeg","type":"","width":"","height":""}],"twitter_card":"summary_large_image","twitter_misc":{"Dur\u00e9e de lecture estim\u00e9e":"3 minutes"},"schema":{"@context":"https:\/\/schema.org","@graph":[{"@type":"WebPage","@id":"https:\/\/saintcyrcadrages.com\/accueil\/concours\/","url":"https:\/\/saintcyrcadrages.com\/accueil\/concours\/","name":"Concours - Saint Cyr Cadrages","isPartOf":{"@id":"https:\/\/saintcyrcadrages.com\/accueil\/#website"},"primaryImageOfPage":{"@id":"https:\/\/saintcyrcadrages.com\/accueil\/concours\/#primaryimage"},"image":{"@id":"https:\/\/saintcyrcadrages.com\/accueil\/concours\/#primaryimage"},"thumbnailUrl":"https:\/\/saintcyrcadrages.com\/wp-content\/uploads\/2025\/11\/Affiche-20x30-1.jpeg","datePublished":"2021-09-07T08:55:04+00:00","dateModified":"2025-11-27T10:01:44+00:00","breadcrumb":{"@id":"https:\/\/saintcyrcadrages.com\/accueil\/concours\/#breadcrumb"},"inLanguage":"fr-FR","potentialAction":[{"@type":"ReadAction","target":["https:\/\/saintcyrcadrages.com\/accueil\/concours\/"]}]},{"@type":"ImageObject","inLanguage":"fr-FR","@id":"https:\/\/saintcyrcadrages.com\/accueil\/concours\/#primaryimage","url":"https:\/\/saintcyrcadrages.com\/wp-content\/uploads\/2025\/11\/Affiche-20x30-1.jpeg","contentUrl":"https:\/\/saintcyrcadrages.com\/wp-content\/uploads\/2025\/11\/Affiche-20x30-1.jpeg"},{"@type":"BreadcrumbList","@id":"https:\/\/saintcyrcadrages.com\/accueil\/concours\/#breadcrumb","itemListElement":[{"@type":"ListItem","position":1,"name":"Accueil","item":"https:\/\/saintcyrcadrages.com\/accueil\/"},{"@type":"ListItem","position":2,"name":"Concours"}]},{"@type":"WebSite","@id":"https:\/\/saintcyrcadrages.com\/accueil\/#website","url":"https:\/\/saintcyrcadrages.com\/accueil\/","name":"Saint Cyr Cadrages","description":"Photographie","potentialAction":[{"@type":"SearchAction","target":{"@type":"EntryPoint","urlTemplate":"https:\/\/saintcyrcadrages.com\/accueil\/?s={search_term_string}"},"query-input":{"@type":"PropertyValueSpecification","valueRequired":true,"valueName":"search_term_string"}}],"inLanguage":"fr-FR"}]}},"_links":{"self":[{"href":"https:\/\/saintcyrcadrages.com\/accueil\/wp-json\/wp\/v2\/pages\/19","targetHints":{"allow":["GET"]}}],"collection":[{"href":"https:\/\/saintcyrcadrages.com\/accueil\/wp-json\/wp\/v2\/pages"}],"about":[{"href":"https:\/\/saintcyrcadrages.com\/accueil\/wp-json\/wp\/v2\/types\/page"}],"author":[{"embeddable":true,"href":"https:\/\/saintcyrcadrages.com\/accueil\/wp-json\/wp\/v2\/users\/1"}],"replies":[{"embeddable":true,"href":"https:\/\/saintcyrcadrages.com\/accueil\/wp-json\/wp\/v2\/comments?post=19"}],"version-history":[{"count":83,"href":"https:\/\/saintcyrcadrages.com\/accueil\/wp-json\/wp\/v2\/pages\/19\/revisions"}],"predecessor-version":[{"id":8407,"href":"https:\/\/saintcyrcadrages.com\/accueil\/wp-json\/wp\/v2\/pages\/19\/revisions\/8407"}],"wp:attachment":[{"href":"https:\/\/saintcyrcadrages.com\/accueil\/wp-json\/wp\/v2\/media?parent=19"}],"curies":[{"name":"wp","href":"https:\/\/api.w.org\/{rel}","templated":true}]}}