{"id":214,"date":"2021-09-08T12:24:46","date_gmt":"2021-09-08T12:24:46","guid":{"rendered":"http:\/\/saintcyrcadrages.com\/?page_id=214"},"modified":"2022-11-03T11:35:42","modified_gmt":"2022-11-03T10:35:42","slug":"challenges","status":"publish","type":"page","link":"https:\/\/saintcyrcadrages.com\/accueil\/challenges\/","title":{"rendered":"Challenges"},"content":{"rendered":"\t\t<div data-elementor-type=\"wp-page\" data-elementor-id=\"214\" class=\"elementor elementor-214\">\n\t\t\t\t<div class=\"elementor-element elementor-element-71ba6ab e-flex e-con-boxed e-con e-parent\" data-id=\"71ba6ab\" data-element_type=\"container\" data-e-type=\"container\">\n\t\t\t\t\t<div class=\"e-con-inner\">\n\t\t\t\t<div class=\"elementor-element elementor-element-0ebeca5 elementor-widget elementor-widget-image\" data-id=\"0ebeca5\" data-element_type=\"widget\" data-e-type=\"widget\" data-widget_type=\"image.default\">\n\t\t\t\t<div class=\"elementor-widget-container\">\n\t\t\t\t\t\t\t\t\t\t\t\t\t\t\t<img fetchpriority=\"high\" decoding=\"async\" width=\"737\" height=\"369\" src=\"https:\/\/saintcyrcadrages.com\/wp-content\/uploads\/2022\/11\/Tous-les-moi-un-theme.png\" class=\"attachment-large size-large wp-image-3669\" alt=\"\" srcset=\"https:\/\/saintcyrcadrages.com\/wp-content\/uploads\/2022\/11\/Tous-les-moi-un-theme.png 737w, https:\/\/saintcyrcadrages.com\/wp-content\/uploads\/2022\/11\/Tous-les-moi-un-theme-300x150.png 300w, https:\/\/saintcyrcadrages.com\/wp-content\/uploads\/2022\/11\/Tous-les-moi-un-theme-150x75.png 150w\" sizes=\"(max-width: 737px) 100vw, 737px\" \/>\t\t\t\t\t\t\t\t\t\t\t\t\t\t\t<\/div>\n\t\t\t\t<\/div>\n\t\t\t\t\t<\/div>\n\t\t\t\t<\/div>\n\t\t\t\t<section class=\"elementor-section elementor-top-section elementor-element elementor-element-609a393b elementor-section-boxed elementor-section-height-default elementor-section-height-default\" data-id=\"609a393b\" data-element_type=\"section\" data-e-type=\"section\">\n\t\t\t\t\t\t<div class=\"elementor-container elementor-column-gap-default\">\n\t\t\t\t\t<div class=\"elementor-column elementor-col-100 elementor-top-column elementor-element elementor-element-2f954426\" data-id=\"2f954426\" data-element_type=\"column\" data-e-type=\"column\">\n\t\t\t<div class=\"elementor-widget-wrap elementor-element-populated\">\n\t\t\t\t\t\t<div class=\"elementor-element elementor-element-2a9a46f1 elementor-widget elementor-widget-text-editor\" data-id=\"2a9a46f1\" data-element_type=\"widget\" data-e-type=\"widget\" data-widget_type=\"text-editor.default\">\n\t\t\t\t<div class=\"elementor-widget-container\">\n\t\t\t\t\t\t\t\t\t\n<p class=\"has-medium-font-size\"><strong>Th\u00e8me impos\u00e9:\u00a0<\/strong>Chaque mois sera propos\u00e9 un challenge entre les adh\u00e9rents sur un th\u00e8me impos\u00e9, les th\u00e8mes sont indiqu\u00e9s suffisamment longtemps \u00e0 l\u2019avance pour se pr\u00e9parer.<\/p>\n\n<div class=\"wp-block-media-text alignwide has-media-on-the-right is-stacked-on-mobile\">\n<figure class=\"wp-block-media-text__media\"><img decoding=\"async\" width=\"1024\" height=\"1024\" class=\"wp-image-595 size-full\" src=\"https:\/\/saintcyrcadrages.com\/wp-content\/uploads\/2021\/09\/Photographe-Resine2-1024x1024.png\" alt=\"\" srcset=\"https:\/\/saintcyrcadrages.com\/wp-content\/uploads\/2021\/09\/Photographe-Resine2-1024x1024.png 1024w, https:\/\/saintcyrcadrages.com\/wp-content\/uploads\/2021\/09\/Photographe-Resine2-300x300.png 300w, https:\/\/saintcyrcadrages.com\/wp-content\/uploads\/2021\/09\/Photographe-Resine2-150x150.png 150w, https:\/\/saintcyrcadrages.com\/wp-content\/uploads\/2021\/09\/Photographe-Resine2-768x768.png 768w, https:\/\/saintcyrcadrages.com\/wp-content\/uploads\/2021\/09\/Photographe-Resine2-1536x1536.png 1536w, https:\/\/saintcyrcadrages.com\/wp-content\/uploads\/2021\/09\/Photographe-Resine2-2048x2048.png 2048w\" sizes=\"(max-width: 1024px) 100vw, 1024px\" \/><\/figure>\n<div class=\"wp-block-media-text__content\">\n<figure class=\"wp-block-image size-full is-resized\"><img decoding=\"async\" class=\"wp-image-1202\" src=\"https:\/\/saintcyrcadrages.com\/wp-content\/uploads\/2021\/09\/Lampe-Studio.png\" alt=\"\" width=\"625\" height=\"625\" srcset=\"https:\/\/saintcyrcadrages.com\/wp-content\/uploads\/2021\/09\/Lampe-Studio.png 1022w, https:\/\/saintcyrcadrages.com\/wp-content\/uploads\/2021\/09\/Lampe-Studio-300x300.png 300w, https:\/\/saintcyrcadrages.com\/wp-content\/uploads\/2021\/09\/Lampe-Studio-150x150.png 150w, https:\/\/saintcyrcadrages.com\/wp-content\/uploads\/2021\/09\/Lampe-Studio-768x768.png 768w\" sizes=\"(max-width: 625px) 100vw, 625px\" \/><\/figure>\n<\/div>\n<\/div>\n\t\t\t\t\t\t\t\t<\/div>\n\t\t\t\t<\/div>\n\t\t\t\t\t<\/div>\n\t\t<\/div>\n\t\t\t\t\t<\/div>\n\t\t<\/section>\n\t\t\t\t<\/div>\n\t\t","protected":false},"excerpt":{"rendered":"<p>Th\u00e8me impos\u00e9:\u00a0Chaque mois sera propos\u00e9 un challenge entre les adh\u00e9rents sur un th\u00e8me impos\u00e9, les th\u00e8mes sont indiqu\u00e9s suffisamment longtemps \u00e0 l\u2019avance pour se pr\u00e9parer.<\/p>\n","protected":false},"author":1,"featured_media":595,"parent":0,"menu_order":0,"comment_status":"closed","ping_status":"closed","template":"","meta":{"ocean_post_layout":"","ocean_both_sidebars_style":"","ocean_both_sidebars_content_width":0,"ocean_both_sidebars_sidebars_width":0,"ocean_sidebar":"0","ocean_second_sidebar":"0","ocean_disable_margins":"enable","ocean_add_body_class":"","ocean_shortcode_before_top_bar":"","ocean_shortcode_after_top_bar":"","ocean_shortcode_before_header":"","ocean_shortcode_after_header":"","ocean_has_shortcode":"","ocean_shortcode_after_title":"","ocean_shortcode_before_footer_widgets":"","ocean_shortcode_after_footer_widgets":"","ocean_shortcode_before_footer_bottom":"","ocean_shortcode_after_footer_bottom":"","ocean_display_top_bar":"default","ocean_display_header":"default","ocean_header_style":"","ocean_center_header_left_menu":"0","ocean_custom_header_template":"0","ocean_custom_logo":0,"ocean_custom_retina_logo":0,"ocean_custom_logo_max_width":0,"ocean_custom_logo_tablet_max_width":0,"ocean_custom_logo_mobile_max_width":0,"ocean_custom_logo_max_height":0,"ocean_custom_logo_tablet_max_height":0,"ocean_custom_logo_mobile_max_height":0,"ocean_header_custom_menu":"0","ocean_menu_typo_font_family":"0","ocean_menu_typo_font_subset":"","ocean_menu_typo_font_size":0,"ocean_menu_typo_font_size_tablet":0,"ocean_menu_typo_font_size_mobile":0,"ocean_menu_typo_font_size_unit":"px","ocean_menu_typo_font_weight":"","ocean_menu_typo_font_weight_tablet":"","ocean_menu_typo_font_weight_mobile":"","ocean_menu_typo_transform":"","ocean_menu_typo_transform_tablet":"","ocean_menu_typo_transform_mobile":"","ocean_menu_typo_line_height":0,"ocean_menu_typo_line_height_tablet":0,"ocean_menu_typo_line_height_mobile":0,"ocean_menu_typo_line_height_unit":"","ocean_menu_typo_spacing":0,"ocean_menu_typo_spacing_tablet":0,"ocean_menu_typo_spacing_mobile":0,"ocean_menu_typo_spacing_unit":"","ocean_menu_link_color":"","ocean_menu_link_color_hover":"","ocean_menu_link_color_active":"","ocean_menu_link_background":"","ocean_menu_link_hover_background":"","ocean_menu_link_active_background":"","ocean_menu_social_links_bg":"","ocean_menu_social_hover_links_bg":"","ocean_menu_social_links_color":"","ocean_menu_social_hover_links_color":"","ocean_disable_title":"default","ocean_disable_heading":"default","ocean_post_title":"","ocean_post_subheading":"","ocean_post_title_style":"","ocean_post_title_background_color":"","ocean_post_title_background":0,"ocean_post_title_bg_image_position":"","ocean_post_title_bg_image_attachment":"","ocean_post_title_bg_image_repeat":"","ocean_post_title_bg_image_size":"","ocean_post_title_height":0,"ocean_post_title_bg_overlay":0.5,"ocean_post_title_bg_overlay_color":"","ocean_disable_breadcrumbs":"default","ocean_breadcrumbs_color":"","ocean_breadcrumbs_separator_color":"","ocean_breadcrumbs_links_color":"","ocean_breadcrumbs_links_hover_color":"","ocean_display_footer_widgets":"default","ocean_display_footer_bottom":"default","ocean_custom_footer_template":"0","footnotes":""},"class_list":["post-214","page","type-page","status-publish","has-post-thumbnail","hentry","entry","has-media"],"yoast_head":"<!-- This site is optimized with the Yoast SEO plugin v27.4 - https:\/\/yoast.com\/product\/yoast-seo-wordpress\/ -->\n<title>Challenges - Saint Cyr Cadrages<\/title>\n<meta name=\"description\" content=\"Chaque mois sera propos\u00e9 un challenge entre les adh\u00e9rents sur un th\u00e8me impos\u00e9, les th\u00e8mes sont indiqu\u00e9s suffisamment longtemps \u00e0 l\u2019avance pour se pr\u00e9parer.\" \/>\n<meta name=\"robots\" content=\"index, follow, max-snippet:-1, max-image-preview:large, max-video-preview:-1\" \/>\n<link rel=\"canonical\" href=\"https:\/\/saintcyrcadrages.com\/accueil\/challenges\/\" \/>\n<meta property=\"og:locale\" content=\"fr_FR\" \/>\n<meta property=\"og:type\" content=\"article\" \/>\n<meta property=\"og:title\" content=\"Challenges - Saint Cyr Cadrages\" \/>\n<meta property=\"og:description\" content=\"Chaque mois sera propos\u00e9 un challenge entre les adh\u00e9rents sur un th\u00e8me impos\u00e9, les th\u00e8mes sont indiqu\u00e9s suffisamment longtemps \u00e0 l\u2019avance pour se pr\u00e9parer.\" \/>\n<meta property=\"og:url\" content=\"https:\/\/saintcyrcadrages.com\/accueil\/challenges\/\" \/>\n<meta property=\"og:site_name\" content=\"Saint Cyr Cadrages\" \/>\n<meta property=\"article:modified_time\" content=\"2022-11-03T10:35:42+00:00\" \/>\n<meta property=\"og:image\" content=\"https:\/\/saintcyrcadrages.com\/wp-content\/uploads\/2021\/09\/Photographe-Resine2-1024x1024.png\" \/>\n\t<meta property=\"og:image:width\" content=\"1024\" \/>\n\t<meta property=\"og:image:height\" content=\"1024\" \/>\n\t<meta property=\"og:image:type\" content=\"image\/png\" \/>\n<meta name=\"twitter:card\" content=\"summary_large_image\" \/>\n<meta name=\"twitter:label1\" content=\"Dur\u00e9e de lecture estim\u00e9e\" \/>\n\t<meta name=\"twitter:data1\" content=\"1 minute\" \/>\n<script type=\"application\/ld+json\" class=\"yoast-schema-graph\">{\"@context\":\"https:\\\/\\\/schema.org\",\"@graph\":[{\"@type\":\"WebPage\",\"@id\":\"https:\\\/\\\/saintcyrcadrages.com\\\/accueil\\\/challenges\\\/\",\"url\":\"https:\\\/\\\/saintcyrcadrages.com\\\/accueil\\\/challenges\\\/\",\"name\":\"Challenges - Saint Cyr Cadrages\",\"isPartOf\":{\"@id\":\"https:\\\/\\\/saintcyrcadrages.com\\\/accueil\\\/#website\"},\"primaryImageOfPage\":{\"@id\":\"https:\\\/\\\/saintcyrcadrages.com\\\/accueil\\\/challenges\\\/#primaryimage\"},\"image\":{\"@id\":\"https:\\\/\\\/saintcyrcadrages.com\\\/accueil\\\/challenges\\\/#primaryimage\"},\"thumbnailUrl\":\"https:\\\/\\\/saintcyrcadrages.com\\\/wp-content\\\/uploads\\\/2021\\\/09\\\/Photographe-Resine2.png\",\"datePublished\":\"2021-09-08T12:24:46+00:00\",\"dateModified\":\"2022-11-03T10:35:42+00:00\",\"description\":\"Chaque mois sera propos\u00e9 un challenge entre les adh\u00e9rents sur un th\u00e8me impos\u00e9, les th\u00e8mes sont indiqu\u00e9s suffisamment longtemps \u00e0 l\u2019avance pour se pr\u00e9parer.\",\"breadcrumb\":{\"@id\":\"https:\\\/\\\/saintcyrcadrages.com\\\/accueil\\\/challenges\\\/#breadcrumb\"},\"inLanguage\":\"fr-FR\",\"potentialAction\":[{\"@type\":\"ReadAction\",\"target\":[\"https:\\\/\\\/saintcyrcadrages.com\\\/accueil\\\/challenges\\\/\"]}]},{\"@type\":\"ImageObject\",\"inLanguage\":\"fr-FR\",\"@id\":\"https:\\\/\\\/saintcyrcadrages.com\\\/accueil\\\/challenges\\\/#primaryimage\",\"url\":\"https:\\\/\\\/saintcyrcadrages.com\\\/wp-content\\\/uploads\\\/2021\\\/09\\\/Photographe-Resine2.png\",\"contentUrl\":\"https:\\\/\\\/saintcyrcadrages.com\\\/wp-content\\\/uploads\\\/2021\\\/09\\\/Photographe-Resine2.png\",\"width\":2362,\"height\":2362},{\"@type\":\"BreadcrumbList\",\"@id\":\"https:\\\/\\\/saintcyrcadrages.com\\\/accueil\\\/challenges\\\/#breadcrumb\",\"itemListElement\":[{\"@type\":\"ListItem\",\"position\":1,\"name\":\"Accueil\",\"item\":\"https:\\\/\\\/saintcyrcadrages.com\\\/accueil\\\/\"},{\"@type\":\"ListItem\",\"position\":2,\"name\":\"Challenges\"}]},{\"@type\":\"WebSite\",\"@id\":\"https:\\\/\\\/saintcyrcadrages.com\\\/accueil\\\/#website\",\"url\":\"https:\\\/\\\/saintcyrcadrages.com\\\/accueil\\\/\",\"name\":\"Saint Cyr Cadrages\",\"description\":\"Photographie\",\"potentialAction\":[{\"@type\":\"SearchAction\",\"target\":{\"@type\":\"EntryPoint\",\"urlTemplate\":\"https:\\\/\\\/saintcyrcadrages.com\\\/accueil\\\/?s={search_term_string}\"},\"query-input\":{\"@type\":\"PropertyValueSpecification\",\"valueRequired\":true,\"valueName\":\"search_term_string\"}}],\"inLanguage\":\"fr-FR\"}]}<\/script>\n<!-- \/ Yoast SEO plugin. -->","yoast_head_json":{"title":"Challenges - Saint Cyr Cadrages","description":"Chaque mois sera propos\u00e9 un challenge entre les adh\u00e9rents sur un th\u00e8me impos\u00e9, les th\u00e8mes sont indiqu\u00e9s suffisamment longtemps \u00e0 l\u2019avance pour se pr\u00e9parer.","robots":{"index":"index","follow":"follow","max-snippet":"max-snippet:-1","max-image-preview":"max-image-preview:large","max-video-preview":"max-video-preview:-1"},"canonical":"https:\/\/saintcyrcadrages.com\/accueil\/challenges\/","og_locale":"fr_FR","og_type":"article","og_title":"Challenges - Saint Cyr Cadrages","og_description":"Chaque mois sera propos\u00e9 un challenge entre les adh\u00e9rents sur un th\u00e8me impos\u00e9, les th\u00e8mes sont indiqu\u00e9s suffisamment longtemps \u00e0 l\u2019avance pour se pr\u00e9parer.","og_url":"https:\/\/saintcyrcadrages.com\/accueil\/challenges\/","og_site_name":"Saint Cyr Cadrages","article_modified_time":"2022-11-03T10:35:42+00:00","og_image":[{"width":1024,"height":1024,"url":"https:\/\/saintcyrcadrages.com\/wp-content\/uploads\/2021\/09\/Photographe-Resine2-1024x1024.png","type":"image\/png"}],"twitter_card":"summary_large_image","twitter_misc":{"Dur\u00e9e de lecture estim\u00e9e":"1 minute"},"schema":{"@context":"https:\/\/schema.org","@graph":[{"@type":"WebPage","@id":"https:\/\/saintcyrcadrages.com\/accueil\/challenges\/","url":"https:\/\/saintcyrcadrages.com\/accueil\/challenges\/","name":"Challenges - Saint Cyr Cadrages","isPartOf":{"@id":"https:\/\/saintcyrcadrages.com\/accueil\/#website"},"primaryImageOfPage":{"@id":"https:\/\/saintcyrcadrages.com\/accueil\/challenges\/#primaryimage"},"image":{"@id":"https:\/\/saintcyrcadrages.com\/accueil\/challenges\/#primaryimage"},"thumbnailUrl":"https:\/\/saintcyrcadrages.com\/wp-content\/uploads\/2021\/09\/Photographe-Resine2.png","datePublished":"2021-09-08T12:24:46+00:00","dateModified":"2022-11-03T10:35:42+00:00","description":"Chaque mois sera propos\u00e9 un challenge entre les adh\u00e9rents sur un th\u00e8me impos\u00e9, les th\u00e8mes sont indiqu\u00e9s suffisamment longtemps \u00e0 l\u2019avance pour se pr\u00e9parer.","breadcrumb":{"@id":"https:\/\/saintcyrcadrages.com\/accueil\/challenges\/#breadcrumb"},"inLanguage":"fr-FR","potentialAction":[{"@type":"ReadAction","target":["https:\/\/saintcyrcadrages.com\/accueil\/challenges\/"]}]},{"@type":"ImageObject","inLanguage":"fr-FR","@id":"https:\/\/saintcyrcadrages.com\/accueil\/challenges\/#primaryimage","url":"https:\/\/saintcyrcadrages.com\/wp-content\/uploads\/2021\/09\/Photographe-Resine2.png","contentUrl":"https:\/\/saintcyrcadrages.com\/wp-content\/uploads\/2021\/09\/Photographe-Resine2.png","width":2362,"height":2362},{"@type":"BreadcrumbList","@id":"https:\/\/saintcyrcadrages.com\/accueil\/challenges\/#breadcrumb","itemListElement":[{"@type":"ListItem","position":1,"name":"Accueil","item":"https:\/\/saintcyrcadrages.com\/accueil\/"},{"@type":"ListItem","position":2,"name":"Challenges"}]},{"@type":"WebSite","@id":"https:\/\/saintcyrcadrages.com\/accueil\/#website","url":"https:\/\/saintcyrcadrages.com\/accueil\/","name":"Saint Cyr Cadrages","description":"Photographie","potentialAction":[{"@type":"SearchAction","target":{"@type":"EntryPoint","urlTemplate":"https:\/\/saintcyrcadrages.com\/accueil\/?s={search_term_string}"},"query-input":{"@type":"PropertyValueSpecification","valueRequired":true,"valueName":"search_term_string"}}],"inLanguage":"fr-FR"}]}},"_links":{"self":[{"href":"https:\/\/saintcyrcadrages.com\/accueil\/wp-json\/wp\/v2\/pages\/214","targetHints":{"allow":["GET"]}}],"collection":[{"href":"https:\/\/saintcyrcadrages.com\/accueil\/wp-json\/wp\/v2\/pages"}],"about":[{"href":"https:\/\/saintcyrcadrages.com\/accueil\/wp-json\/wp\/v2\/types\/page"}],"author":[{"embeddable":true,"href":"https:\/\/saintcyrcadrages.com\/accueil\/wp-json\/wp\/v2\/users\/1"}],"replies":[{"embeddable":true,"href":"https:\/\/saintcyrcadrages.com\/accueil\/wp-json\/wp\/v2\/comments?post=214"}],"version-history":[{"count":18,"href":"https:\/\/saintcyrcadrages.com\/accueil\/wp-json\/wp\/v2\/pages\/214\/revisions"}],"predecessor-version":[{"id":3675,"href":"https:\/\/saintcyrcadrages.com\/accueil\/wp-json\/wp\/v2\/pages\/214\/revisions\/3675"}],"wp:featuredmedia":[{"embeddable":true,"href":"https:\/\/saintcyrcadrages.com\/accueil\/wp-json\/wp\/v2\/media\/595"}],"wp:attachment":[{"href":"https:\/\/saintcyrcadrages.com\/accueil\/wp-json\/wp\/v2\/media?parent=214"}],"curies":[{"name":"wp","href":"https:\/\/api.w.org\/{rel}","templated":true}]}}